{"id":4929,"date":"2022-07-29T17:14:41","date_gmt":"2022-07-29T15:14:41","guid":{"rendered":"https:\/\/www.rs-balingen.de\/home\/?page_id=4929"},"modified":"2022-09-01T10:06:19","modified_gmt":"2022-09-01T08:06:19","slug":"leichte-sprache","status":"publish","type":"page","link":"https:\/\/www.rs-balingen.de\/home\/leichte-sprache\/","title":{"rendered":"Leichte Sprache"},"content":{"rendered":"\t\t<div data-elementor-type=\"wp-page\" data-elementor-id=\"4929\" class=\"elementor elementor-4929\" data-elementor-post-type=\"page\">\n\t\t\t\t\t\t<section class=\"elementor-section elementor-top-section elementor-element elementor-element-456e965 elementor-section-boxed elementor-section-height-default elementor-section-height-default\" data-id=\"456e965\" data-element_type=\"section\">\n\t\t\t\t\t\t<div class=\"elementor-container elementor-column-gap-default\">\n\t\t\t\t\t<div class=\"elementor-column elementor-col-100 elementor-top-column elementor-element elementor-element-537decb\" data-id=\"537decb\" data-element_type=\"column\">\n\t\t\t<div class=\"elementor-widget-wrap elementor-element-populated\">\n\t\t\t\t\t\t<div class=\"elementor-element elementor-element-21e3a9a elementor-widget elementor-widget-spacer\" data-id=\"21e3a9a\" data-element_type=\"widget\" data-widget_type=\"spacer.default\">\n\t\t\t\t<div class=\"elementor-widget-container\">\n\t\t\t\t\t\t\t<div class=\"elementor-spacer\">\n\t\t\t<div class=\"elementor-spacer-inner\"><\/div>\n\t\t<\/div>\n\t\t\t\t\t\t<\/div>\n\t\t\t\t<\/div>\n\t\t\t\t<div class=\"elementor-element elementor-element-5864774 elementor-widget elementor-widget-text-editor\" data-id=\"5864774\" data-element_type=\"widget\" data-widget_type=\"text-editor.default\">\n\t\t\t\t<div class=\"elementor-widget-container\">\n\t\t\t\t\t\t\t\t\t<h3><span style=\"text-decoration: underline;\"><strong>Leichte Sprache<\/strong><\/span><\/h3>\n<p><strong>Herzlich Willkommen auf der Internet-Seite der Realschule Balingen. Alle Menschen sollen die Informa-tionen auf unserer Seite verstehen k\u00f6nnen.<\/strong><\/p>\n<p>Jeder Mensch kann Texte in Leichter Sprache besser verstehen.<\/p>\n<p><strong>Zum Beispiel:<\/strong><\/p>\n<ul>\n<li style=\"list-style-type: none;\">\n<ul>\n<li>Menschen mit Lern-Schwierigkeiten<\/li>\n<li>Menschen, die nicht gut lesen k\u00f6nnen<\/li>\n<li>Menschen, die nicht gut Deutsch k\u00f6nnen<\/li>\n<\/ul>\n<\/li>\n<\/ul>\n<p style=\"padding-left: 40px;\">Leichte Sprache ist ein Eigen-Name. Deshalb schreiben wir Leichte Sprache gro\u00df<\/p>\n<p><strong>Wir erkl\u00e4ren in Leichter Sprache:<\/strong><\/p>\n<ul>\n<li style=\"list-style-type: none;\">\n<ul>\n<li>Wie Sie Infos auf unserer Internet-Seite finden<\/li>\n<li>Was auf unseren Internet-Seiten steht<\/li>\n<li>Eine Erkl\u00e4rung der Barrierefreiheit in Leichter Sprache<\/li>\n<\/ul>\n<\/li>\n<\/ul>\n<p><strong>Hier lesen Sie in Leichter Sprache wo Sie Infos auf der Internet-Seite der Realschule Balingen finden:<\/strong><\/p>\n<ul>\n<li style=\"list-style-type: none;\">\n<ul>\n<li>In der oberen Zeile sind die Hauptpunkte zu finden: HOME, UNSERE SCHULE, SCHULPROFIL, F\u00d6RDER-VEREIN KONTAKT und die Symbole Geb\u00e4rden-sprache sowie Leichte Sprache<\/li>\n<li>In der Mitte finden Sie die jeweils ausgew\u00e4hlten Inhalte.<\/li>\n<li>Unten finden Sie die die Kontakt-Daten und die Anschrift.<br>Darunter finden sie rechts das Impressum, die Datenschutz-erkl\u00e4rung und die Erkl\u00e4rung der Barriere-freiheit.<\/li>\n<\/ul>\n<\/li>\n<\/ul>\n<p><strong>Hier lesen Sie in Leichter Sprache welche Infos es auf der Internet-Seite der Realschule Balingen gibt:<\/strong><\/p>\n<ul>\n<li style=\"list-style-type: none;\">\n<ul>\n<li>Auf der Seite HOME finden Sie die Punkte:&nbsp;<span style=\"font-size: 15px; color: var( --e-global-color-primary );\">Aktuelles, Links und Termine.<\/span><\/li>\n<li>Auf der Seite UNSERE SCHULE finden Sie die Punkte:&nbsp;<span style=\"font-size: 15px; color: var( --e-global-color-primary );\">Anmeldung, Schulverwaltung, Kollegium, Schulsozial-arbeit, Sch\u00fcler, Eltern und Downloads.<\/span><\/li>\n<li>Auf der Seite SCHULPROFIL finden Sie die Punkte:&nbsp;<span style=\"font-size: 15px; color: var( --e-global-color-primary );\">Geschichte der Schule, Wahlf\u00e4cher ab Klasse 7, Bilingualer Unterricht, BORS Berufs-orientierung, AGs \u2013 Arbeits-gemeinschaften.<\/span><\/li>\n<li>Auf der Seite F\u00d6RDER-VEREIN finden Sie die Punkte:<span style=\"font-size: 15px; color: var( --e-global-color-primary );\">Leitung des F\u00f6rder-vereins, Projekte des F\u00f6rder-vereines, Mitglied werden und Kontakt des Vorsitzenden.<\/span><\/li>\n<li>Der Punkt KONTAKT springt nach unten auf die Kontakt-daten.<\/li>\n<\/ul>\n<\/li>\n<\/ul>\n<p><strong>Erkl\u00e4rung zur Barriere-Freiheit<\/strong><\/p>\n<p>Wir wollen unsere Internet-Seite barriere-frei machen.<br>So wie es im Gesetz steht.<br>Das Gesetz hei\u00dft: Landes-Behinderten-Gleichstellungs-Gesetz.<br>Die Abk\u00fcrzung f\u00fcr das Gesetz ist: L-BGG<br>Diese Erkl\u00e4rung zur Barriere-Freiheit gilt f\u00fcr diese Internet-Seite:&nbsp;<a href=\"http:\/\/www.rs-balingen.de\/\">www.rs-balingen.de<\/a><\/p>\n<p>Manche Dinge auf unserer Internet-Seite sind schon barriere-frei.<br>Aber andere Dinge sind noch nicht barriere-frei:<\/p>\n<ul>\n<li style=\"list-style-type: none;\">\n<ul>\n<li>Info und Beziehungen<\/li>\n<li>Kontrast (Minimum)<\/li>\n<li>Automatischer Umbruch (Reflow)<\/li>\n<li>Einge-blendeter Inhalt bei Dar\u00fcber-schweben oder Fokus<\/li>\n<li>Bl\u00f6cke \u00fcberspringen<\/li><li>Beschreibung des Inhalts von Links<\/li>\n<li>Fokus sichtbar<\/li>\n<li>Syntax-analyse<\/li>\n<li>Barriere-freiheit von Dokumenten<\/li>\n<li>Videos in Geb\u00e4rden-Sprache<\/li>\n<\/ul>\n<\/li>\n<\/ul>\n<p>Aber wir machen alle diese Dinge noch barriere-frei.<br>Daf\u00fcr brauchen wir noch etwas Zeit.<\/p>\n<p><strong>Wer hat diese Erkl\u00e4rung geschrieben?<\/strong><\/p>\n<p>Wir haben die Erkl\u00e4rung selbst geschrieben.<br>Eine Stelle hat unsere Seite angeschaut. Sie hei\u00dft \u00dcberwachungs-Stelle f\u00fcr mediale Barriere-Freiheit.<br>Wir haben die Erkl\u00e4rung am 16. August 2022&nbsp;geschrieben<\/p>\n<p><strong>Haben Sie Probleme mit unserer Seite?<\/strong><\/p>\n<p>Haben Sie eine Barriere auf unserer Seite gefunden?<br>Vielleicht konnten Sie etwas nicht lesen oder verstehen?<br>Dann helfen Sie uns bitte.<\/p>\n<p>Schreiben Sie uns bitte eine E-Mail, einen Brief oder rufen Sie uns an:<\/p>\n<ul>\n<li>Was wollten Sie auf unserer Internet-Seite tun?<\/li>\n<li>Was hat nicht funktioniert?<\/li>\n<\/ul>\n<p>Das ist unsere E-Mail-Adresse:&nbsp;verwaltung@rs-balingen.bl.schule.bwl.de<br>Das ist unsere Anschrift: Realschule Balingen, Teckstra\u00dfe 20, 72336 Balingen<br>Das ist unsere Telefon-nummer: 07433 2703323<br><strong><br>Durchsetzungs-Verfahren<\/strong><\/p>\n<p>Haben Sie ein Problem auf unserer Internet-Seite gefunden?<br>Haben Sie uns das in einer E-Mail geschrieben?<br>Haben Sie 4 Wochen lang gewartet?<br>Aber Sie haben keine Antwort von uns bekommen?<br>Oder die Antwort hat Ihnen nicht geholfen?<br>Dann k\u00f6nnen Sie der Landes-Behinderten-Beauftragten von Baden-W\u00fcrttemberg schreiben.<br>Sie hei\u00dft Simone Fischer.<\/p>\n<p><strong>Hier sind die Kontakt-Infos von Frau Simone Fischer.<\/strong><\/p>\n<p>Das ist die Adresse:<br>Landes-Behindertenbeauftragte Simone Fischer<br>Else-Josenhans-Stra\u00dfe 6<br>70173 Stuttgart<\/p>\n<p>Das ist die E-Mail-Adresse:<br><a href=\"mailto:Poststelle@bfbmb.bwl.de\">Poststelle@bfbmb.bwl.de<\/a><\/p>\n<p>Das ist die Telefon-Nummer:<br>07 11 27 93 36 0<\/p>\t\t\t\t\t\t\t\t<\/div>\n\t\t\t\t<\/div>\n\t\t\t\t\t<\/div>\n\t\t<\/div>\n\t\t\t\t\t<\/div>\n\t\t<\/section>\n\t\t\t\t<\/div>\n\t\t","protected":false},"excerpt":{"rendered":"<p>Leichte Sprache Herzlich Willkommen auf der Internet-Seite der Realschule Balingen. Alle Menschen sollen die Informa-tionen auf unserer Seite verstehen k\u00f6nnen. Jeder Mensch kann Texte in Leichter Sprache besser verstehen. Zum Beispiel: Menschen mit Lern-Schwierigkeiten Menschen, die nicht gut lesen k\u00f6nnen Menschen, die nicht gut Deutsch k\u00f6nnen Leichte Sprache ist ein Eigen-Name. Deshalb schreiben wir Leichte [&hellip;]<\/p>\n","protected":false},"author":1,"featured_media":0,"parent":0,"menu_order":0,"comment_status":"closed","ping_status":"closed","template":"","meta":{"ocean_post_layout":"full-screen","ocean_both_sidebars_style":"","ocean_both_sidebars_content_width":0,"ocean_both_sidebars_sidebars_width":0,"ocean_sidebar":"0","ocean_second_sidebar":"0","ocean_disable_margins":"enable","ocean_add_body_class":"","ocean_shortcode_before_top_bar":"","ocean_shortcode_after_top_bar":"","ocean_shortcode_before_header":"","ocean_shortcode_after_header":"","ocean_has_shortcode":"","ocean_shortcode_after_title":"","ocean_shortcode_before_footer_widgets":"","ocean_shortcode_after_footer_widgets":"","ocean_shortcode_before_footer_bottom":"","ocean_shortcode_after_footer_bottom":"","ocean_display_top_bar":"off","ocean_display_header":"default","ocean_header_style":"","ocean_center_header_left_menu":"0","ocean_custom_header_template":"0","ocean_custom_logo":0,"ocean_custom_retina_logo":0,"ocean_custom_logo_max_width":0,"ocean_custom_logo_tablet_max_width":0,"ocean_custom_logo_mobile_max_width":0,"ocean_custom_logo_max_height":0,"ocean_custom_logo_tablet_max_height":0,"ocean_custom_logo_mobile_max_height":0,"ocean_header_custom_menu":"0","ocean_menu_typo_font_family":"0","ocean_menu_typo_font_subset":"","ocean_menu_typo_font_size":0,"ocean_menu_typo_font_size_tablet":0,"ocean_menu_typo_font_size_mobile":0,"ocean_menu_typo_font_size_unit":"px","ocean_menu_typo_font_weight":"","ocean_menu_typo_font_weight_tablet":"","ocean_menu_typo_font_weight_mobile":"","ocean_menu_typo_transform":"","ocean_menu_typo_transform_tablet":"","ocean_menu_typo_transform_mobile":"","ocean_menu_typo_line_height":0,"ocean_menu_typo_line_height_tablet":0,"ocean_menu_typo_line_height_mobile":0,"ocean_menu_typo_line_height_unit":"","ocean_menu_typo_spacing":0,"ocean_menu_typo_spacing_tablet":0,"ocean_menu_typo_spacing_mobile":0,"ocean_menu_typo_spacing_unit":"","ocean_menu_link_color":"","ocean_menu_link_color_hover":"","ocean_menu_link_color_active":"","ocean_menu_link_background":"","ocean_menu_link_hover_background":"","ocean_menu_link_active_background":"","ocean_menu_social_links_bg":"","ocean_menu_social_hover_links_bg":"","ocean_menu_social_links_color":"","ocean_menu_social_hover_links_color":"","ocean_disable_title":"on","ocean_disable_heading":"default","ocean_post_title":"","ocean_post_subheading":"","ocean_post_title_style":"","ocean_post_title_background_color":"","ocean_post_title_background":0,"ocean_post_title_bg_image_position":"","ocean_post_title_bg_image_attachment":"","ocean_post_title_bg_image_repeat":"","ocean_post_title_bg_image_size":"","ocean_post_title_height":0,"ocean_post_title_bg_overlay":0.5,"ocean_post_title_bg_overlay_color":"","ocean_disable_breadcrumbs":"default","ocean_breadcrumbs_color":"","ocean_breadcrumbs_separator_color":"","ocean_breadcrumbs_links_color":"","ocean_breadcrumbs_links_hover_color":"","ocean_display_footer_widgets":"off","ocean_display_footer_bottom":"off","ocean_custom_footer_template":"0","footnotes":""},"_links":{"self":[{"href":"https:\/\/www.rs-balingen.de\/home\/wp-json\/wp\/v2\/pages\/4929"}],"collection":[{"href":"https:\/\/www.rs-balingen.de\/home\/wp-json\/wp\/v2\/pages"}],"about":[{"href":"https:\/\/www.rs-balingen.de\/home\/wp-json\/wp\/v2\/types\/page"}],"author":[{"embeddable":true,"href":"https:\/\/www.rs-balingen.de\/home\/wp-json\/wp\/v2\/users\/1"}],"replies":[{"embeddable":true,"href":"https:\/\/www.rs-balingen.de\/home\/wp-json\/wp\/v2\/comments?post=4929"}],"version-history":[{"count":0,"href":"https:\/\/www.rs-balingen.de\/home\/wp-json\/wp\/v2\/pages\/4929\/revisions"}],"wp:attachment":[{"href":"https:\/\/www.rs-balingen.de\/home\/wp-json\/wp\/v2\/media?parent=4929"}],"curies":[{"name":"wp","href":"https:\/\/api.w.org\/{rel}","templated":true}]}}