{"id":3949,"date":"2021-02-10T12:13:33","date_gmt":"2021-02-10T11:13:33","guid":{"rendered":"https:\/\/www.rs-balingen.de\/home\/?page_id=3949"},"modified":"2025-10-02T11:43:35","modified_gmt":"2025-10-02T09:43:35","slug":"downloads","status":"publish","type":"page","link":"https:\/\/www.rs-balingen.de\/home\/downloads\/","title":{"rendered":"Downloads"},"content":{"rendered":"\t\t<div data-elementor-type=\"wp-page\" data-elementor-id=\"3949\" class=\"elementor elementor-3949\" data-elementor-post-type=\"page\">\n\t\t\t\t\t\t<section class=\"elementor-section elementor-top-section elementor-element elementor-element-6c24c36 elementor-section-boxed elementor-section-height-default elementor-section-height-default\" data-id=\"6c24c36\" data-element_type=\"section\">\n\t\t\t\t\t\t<div class=\"elementor-container elementor-column-gap-default\">\n\t\t\t\t\t<div class=\"elementor-column elementor-col-100 elementor-top-column elementor-element elementor-element-57c2093\" data-id=\"57c2093\" data-element_type=\"column\">\n\t\t\t<div class=\"elementor-widget-wrap elementor-element-populated\">\n\t\t\t\t\t\t<div class=\"elementor-element elementor-element-23d7478 elementor-widget elementor-widget-text-editor\" data-id=\"23d7478\" data-element_type=\"widget\" data-widget_type=\"text-editor.default\">\n\t\t\t\t<div class=\"elementor-widget-container\">\n\t\t\t\t\t\t\t\t\t<p><strong>Hier finden sich einige wichtige Informationen &#8211; Konzepte &#8211; Antr\u00e4ge zu unserem Schulleben:<\/strong><\/p><ul><li><a href=\"https:\/\/www.rs-balingen.de\/wp-content\/uploads\/2024\/11\/Flyer-RS-2024.pdf\" target=\"_blank\" rel=\"noopener\">Schulflyer der Realschule Balingen<\/a>\u00a0<span style=\"color: #808080;\"><em>(PDF &#8211; 1 MB)<\/em><\/span><\/li><li><a href=\"https:\/\/www.rs-balingen.de\/wp-content\/uploads\/2021\/02\/Qualitaetsleitbild-der-Realschule-Balingen.pdf\" target=\"_blank\" rel=\"noopener\">Qualit\u00e4tsleitbild<\/a><span style=\"color: #808080;\"><em>\u00a0(PDF &#8211; 0,45 MB)<\/em><\/span><\/li><li><a href=\"https:\/\/www.rs-balingen.de\/wp-content\/uploads\/2021\/02\/Bili-RS-BL2021.pdf\" target=\"_blank\" rel=\"noopener\">Bilinguales Konzept<\/a>\u00a0<span style=\"color: #808080;\"><em>(PDF &#8211; 0,8 MB)<\/em><\/span><\/li><li><a href=\"https:\/\/www.rs-balingen.de\/wp-content\/uploads\/2025\/10\/Abschlusspruefung-RS-Balingen25_26.pdf\">Abschlusspr\u00fcfung Realschule 2026<\/a> <span style=\"color: #808080;\"><em>(PDF &#8211; 0,54 MB)<\/em><\/span><\/li><li><a href=\"https:\/\/www.rs-balingen.de\/wp-content\/uploads\/2025\/10\/Abschlusspruefung-HS-Balingen_25_26oP.pdf\">Abschlusspr\u00fcfung Hauptschule 2026<\/a> <span style=\"color: #808080;\"><em>(PDF &#8211; 0,54 MB)<\/em><\/span><\/li><li><a href=\"https:\/\/www.rs-balingen.de\/wp-content\/uploads\/2025\/10\/Individualisierungsmodell-2025.pdf\" target=\"_blank\" rel=\"noopener\">Individualisierungskonzept<\/a> <span style=\"color: #808080;\"><em>(PDF &#8211; 0,08 MB)<\/em><\/span><\/li><li><a href=\"https:\/\/www.rs-balingen.de\/wp-content\/uploads\/2025\/10\/Kontingentstundentafel-BP-2025.pdf\" target=\"_blank\" rel=\"noopener\">Stundenverteilung in den einzelnen Klassen<\/a> <span style=\"color: #808080;\"><em>(PDF &#8211; 0,04 MB)<\/em><\/span><\/li><li><a href=\"https:\/\/www.rs-balingen.de\/wp-content\/uploads\/2023\/06\/Schulordnung-14.03.2023.pdf\">Schulordnung<\/a> <span style=\"color: #808080;\"><em>(PDF &#8211; 0,23 MB)<\/em><\/span><\/li><li><a href=\"https:\/\/www.rs-balingen.de\/wp-content\/uploads\/2021\/02\/schulgelaende-scaled.jpg\" target=\"_blank\" rel=\"noopener\">Schulgel\u00e4nde<\/a> <span style=\"color: #808080;\"><em>(PDF &#8211; 0,5 MB)<\/em><\/span><\/li><li><a href=\"https:\/\/www.rs-balingen.de\/wp-content\/uploads\/2025\/10\/Mitbestimmung-Mitwirkung-2025_26.pdf\" target=\"_blank\" rel=\"noopener\">Mitbestimmung in den Gremien<\/a> <span style=\"color: #808080;\"><em>(PDF &#8211; 0,4 MB)<\/em><\/span><\/li><li><a href=\"https:\/\/www.rs-balingen.de\/wp-content\/uploads\/2025\/10\/Organisationplan-2025_26-Realschule.pdf\" target=\"_blank\" rel=\"noopener\">Organisationsplan<\/a> <span style=\"color: #808080;\"><em>(PDF &#8211; 0,49 MB)<\/em><\/span><\/li><li><a href=\"https:\/\/www.rs-balingen.de\/wp-content\/uploads\/2025\/10\/Unterrichtszeiten-Doppelstundenmodell.pdf\" target=\"_blank\" rel=\"noopener\">Unterrichtszeiten<\/a> <span style=\"color: #808080;\"><em>(PDF &#8211; 0,09 MB)<\/em><\/span><\/li><li><a href=\"https:\/\/www.rs-balingen.de\/wp-content\/uploads\/2021\/02\/Beurlaubung.pdf\" target=\"_blank\" rel=\"noopener\">Beurlaubungsantrag<\/a> <span style=\"color: #808080;\"><em>(PDF &#8211; 0,08 MB)<\/em><\/span><\/li><li><a href=\"https:\/\/www.rs-balingen.de\/wp-content\/uploads\/2021\/02\/Entschuldigung.pdf\" target=\"_blank\" rel=\"noopener\">Entschuldigung wegen Fehlens im Unterricht<\/a> <span style=\"color: #808080;\"><em>(PDF &#8211; 0,1 MB)<\/em><\/span><\/li><li><span style=\"color: #808080;\"><em><a href=\"https:\/\/www.rs-balingen.de\/wp-content\/uploads\/2023\/11\/Verlaessliche-Schuelerbefoerderung-Rueckmeldebogen.pdf\">R\u00fcckmeldebogen Verl\u00e4ssliche Sch\u00fclerbef\u00f6rderung<\/a> (PDF &#8211; 0,4 MB)<\/em><\/span><\/li><li><a href=\"https:\/\/www.rs-balingen.de\/wp-content\/uploads\/2023\/11\/Hol_Bring_Plan_Schulzentrum_Laengenfeld.pdf\" target=\"_blank\" rel=\"noopener\">Hol- und Bringzonen Schulzentrum L\u00e4ngenfeld<\/a><span style=\"color: #808080;\"><em> (PDF &#8211; 1,7 MB)<br \/><\/em><\/span><\/li><\/ul>\t\t\t\t\t\t\t\t<\/div>\n\t\t\t\t<\/div>\n\t\t\t\t\t<\/div>\n\t\t<\/div>\n\t\t\t\t\t<\/div>\n\t\t<\/section>\n\t\t\t\t<\/div>\n\t\t","protected":false},"excerpt":{"rendered":"<p>Hier finden sich einige wichtige Informationen &#8211; Konzepte &#8211; Antr\u00e4ge zu unserem Schulleben: Schulflyer der Realschule Balingen\u00a0(PDF &#8211; 1 MB) Qualit\u00e4tsleitbild\u00a0(PDF &#8211; 0,45 MB) Bilinguales Konzept\u00a0(PDF &#8211; 0,8 MB) Abschlusspr\u00fcfung Realschule 2026 (PDF &#8211; 0,54 MB) Abschlusspr\u00fcfung Hauptschule 2026 (PDF &#8211; 0,54 MB) Individualisierungskonzept (PDF &#8211; 0,08 MB) Stundenverteilung in den einzelnen Klassen (PDF &#8211; [&hellip;]<\/p>\n","protected":false},"author":2,"featured_media":0,"parent":0,"menu_order":0,"comment_status":"closed","ping_status":"closed","template":"","meta":{"ocean_post_layout":"full-screen","ocean_both_sidebars_style":"","ocean_both_sidebars_content_width":0,"ocean_both_sidebars_sidebars_width":0,"ocean_sidebar":"0","ocean_second_sidebar":"0","ocean_disable_margins":"enable","ocean_add_body_class":"","ocean_shortcode_before_top_bar":"","ocean_shortcode_after_top_bar":"","ocean_shortcode_before_header":"","ocean_shortcode_after_header":"","ocean_has_shortcode":"","ocean_shortcode_after_title":"","ocean_shortcode_before_footer_widgets":"","ocean_shortcode_after_footer_widgets":"","ocean_shortcode_before_footer_bottom":"","ocean_shortcode_after_footer_bottom":"","ocean_display_top_bar":"off","ocean_display_header":"default","ocean_header_style":"","ocean_center_header_left_menu":"0","ocean_custom_header_template":"0","ocean_custom_logo":0,"ocean_custom_retina_logo":0,"ocean_custom_logo_max_width":0,"ocean_custom_logo_tablet_max_width":0,"ocean_custom_logo_mobile_max_width":0,"ocean_custom_logo_max_height":0,"ocean_custom_logo_tablet_max_height":0,"ocean_custom_logo_mobile_max_height":0,"ocean_header_custom_menu":"0","ocean_menu_typo_font_family":"0","ocean_menu_typo_font_subset":"","ocean_menu_typo_font_size":0,"ocean_menu_typo_font_size_tablet":0,"ocean_menu_typo_font_size_mobile":0,"ocean_menu_typo_font_size_unit":"px","ocean_menu_typo_font_weight":"","ocean_menu_typo_font_weight_tablet":"","ocean_menu_typo_font_weight_mobile":"","ocean_menu_typo_transform":"","ocean_menu_typo_transform_tablet":"","ocean_menu_typo_transform_mobile":"","ocean_menu_typo_line_height":0,"ocean_menu_typo_line_height_tablet":0,"ocean_menu_typo_line_height_mobile":0,"ocean_menu_typo_line_height_unit":"","ocean_menu_typo_spacing":0,"ocean_menu_typo_spacing_tablet":0,"ocean_menu_typo_spacing_mobile":0,"ocean_menu_typo_spacing_unit":"","ocean_menu_link_color":"","ocean_menu_link_color_hover":"","ocean_menu_link_color_active":"","ocean_menu_link_background":"","ocean_menu_link_hover_background":"","ocean_menu_link_active_background":"","ocean_menu_social_links_bg":"","ocean_menu_social_hover_links_bg":"","ocean_menu_social_links_color":"","ocean_menu_social_hover_links_color":"","ocean_disable_title":"on","ocean_disable_heading":"default","ocean_post_title":"","ocean_post_subheading":"","ocean_post_title_style":"","ocean_post_title_background_color":"","ocean_post_title_background":0,"ocean_post_title_bg_image_position":"","ocean_post_title_bg_image_attachment":"","ocean_post_title_bg_image_repeat":"","ocean_post_title_bg_image_size":"","ocean_post_title_height":0,"ocean_post_title_bg_overlay":0.5,"ocean_post_title_bg_overlay_color":"","ocean_disable_breadcrumbs":"default","ocean_breadcrumbs_color":"","ocean_breadcrumbs_separator_color":"","ocean_breadcrumbs_links_color":"","ocean_breadcrumbs_links_hover_color":"","ocean_display_footer_widgets":"off","ocean_display_footer_bottom":"off","ocean_custom_footer_template":"0","footnotes":""},"_links":{"self":[{"href":"https:\/\/www.rs-balingen.de\/home\/wp-json\/wp\/v2\/pages\/3949"}],"collection":[{"href":"https:\/\/www.rs-balingen.de\/home\/wp-json\/wp\/v2\/pages"}],"about":[{"href":"https:\/\/www.rs-balingen.de\/home\/wp-json\/wp\/v2\/types\/page"}],"author":[{"embeddable":true,"href":"https:\/\/www.rs-balingen.de\/home\/wp-json\/wp\/v2\/users\/2"}],"replies":[{"embeddable":true,"href":"https:\/\/www.rs-balingen.de\/home\/wp-json\/wp\/v2\/comments?post=3949"}],"version-history":[{"count":51,"href":"https:\/\/www.rs-balingen.de\/home\/wp-json\/wp\/v2\/pages\/3949\/revisions"}],"predecessor-version":[{"id":7268,"href":"https:\/\/www.rs-balingen.de\/home\/wp-json\/wp\/v2\/pages\/3949\/revisions\/7268"}],"wp:attachment":[{"href":"https:\/\/www.rs-balingen.de\/home\/wp-json\/wp\/v2\/media?parent=3949"}],"curies":[{"name":"wp","href":"https:\/\/api.w.org\/{rel}","templated":true}]}}