{"id":1873,"date":"2020-11-04T12:42:05","date_gmt":"2020-11-04T11:42:05","guid":{"rendered":"http:\/\/tosbkzel.web.belwue.de\/?page_id=1873"},"modified":"2024-09-12T16:20:46","modified_gmt":"2024-09-12T14:20:46","slug":"suchtpraevention","status":"publish","type":"page","link":"https:\/\/www.rs-balingen.de\/home\/suchtpraevention\/","title":{"rendered":"Pr\u00e4vention"},"content":{"rendered":"\t\t<div data-elementor-type=\"wp-page\" data-elementor-id=\"1873\" class=\"elementor elementor-1873\" data-elementor-post-type=\"page\">\n\t\t\t\t\t\t<section class=\"elementor-section elementor-top-section elementor-element elementor-element-42105ebc elementor-section-boxed elementor-section-height-default elementor-section-height-default\" data-id=\"42105ebc\" data-element_type=\"section\">\n\t\t\t\t\t\t<div class=\"elementor-container elementor-column-gap-default\">\n\t\t\t\t\t<div class=\"elementor-column elementor-col-100 elementor-top-column elementor-element elementor-element-5953038f\" data-id=\"5953038f\" data-element_type=\"column\">\n\t\t\t<div class=\"elementor-widget-wrap elementor-element-populated\">\n\t\t\t\t\t\t<div class=\"elementor-element elementor-element-a5014f8 elementor-widget elementor-widget-spacer\" data-id=\"a5014f8\" data-element_type=\"widget\" data-widget_type=\"spacer.default\">\n\t\t\t\t<div class=\"elementor-widget-container\">\n\t\t\t\t\t\t\t<div class=\"elementor-spacer\">\n\t\t\t<div class=\"elementor-spacer-inner\"><\/div>\n\t\t<\/div>\n\t\t\t\t\t\t<\/div>\n\t\t\t\t<\/div>\n\t\t\t\t<div class=\"elementor-element elementor-element-56a57df5 elementor-widget elementor-widget-text-editor\" data-id=\"56a57df5\" data-element_type=\"widget\" data-widget_type=\"text-editor.default\">\n\t\t\t\t<div class=\"elementor-widget-container\">\n\t\t\t\t\t\t\t\t\t<p><strong>Pr\u00e4ventionslehrer an unserer Schule&nbsp; <\/strong><\/p>\n<p>\u201eUm schulische Vorbeugungsma\u00dfnahmen zu koordinieren und deren Wirksamkeit zu verbessern, wird an jeder allgemeinbildenden und beruflichen Schule eine &#8222;Lehrerin bzw. ein Lehrer f\u00fcr Informationen zur Suchtpr\u00e4vention&#8220; benannt. Dieser Lehrkraft sind folgende Aufgaben \u00fcbertragen:<\/p>\n<p>1. Sammlung von Informationsmaterialien zur Suchtvorbeugung, wie z.B. B\u00fccher, Zeitschriften, audiovisuelle Medien, Erlasse, Anschriften von Beratungsstellen und Therapieeinrichtungen.<\/p>\n<p>2. Weitergabe von Informationen, die u.a. bei entsprechenden Fortbildungsveranstaltungen und Dienstbesprechungen gesammelt werden und Koordinierung von Ma\u00dfnahmen der Suchtpr\u00e4ventionen im Rahmen der Schule.<\/p>\n<p>3. Bei Bedarf Herstellung von Verbindungen zu Einrichtungen, die gegebenenfalls beratend oder therapeutisch t\u00e4tig werden, wie z.B. psychosoziale Beratungs- und ambulante Behandlungsstellen, Gesundheitsamt, Jugend- und Sozialamt, Polizei.&nbsp; (Auszug aus der Verwaltungsvorschrift vom 13. Nov. 2000)<\/p>\n<p><strong>Aktionen an unserer Schule:<\/strong><\/p>\n<p>&#8211; Pr\u00e4ventionsprojekte zum Thema Sucht w\u00e4hrend der Themenwochen.<\/p>\n<p>&#8211; Verkehrs- und Gewaltpr\u00e4ventionsprojekte mit der Polizei.<\/p><p><i> &#8211; <\/i>St\u00e4rkung der eigenen Pers\u00f6nlichkeit in unterschiedlichen Zusammenh\u00e4ngen<i>.<br><\/i><\/p>\n\n<p>Ein aufmerksamer Leser wird feststellen, dass es nicht Aufgabe der Pr\u00e4ventionslehrerin \/ des Pr\u00e4ventionslehrers ist, im Sinne einer Strafverfolgung oder etwa therapeutisch t\u00e4tig zu werden. Im Bedarfsfall ist es aber unsere Aufgabe, unsere Sch\u00fclerinnen und Sch\u00fcler darin zu unterst\u00fctzen, sich aus einer Abh\u00e4ngigkeit zu befreien oder mit anderen Problemen in diesem Zusammenhang fertig zu werden. Diese Aufgabe k\u00f6nnen wir aber nicht allein, sondern nur zusammen mit den Eltern und entsprechenden Hilfeeinrichtungen l\u00f6sen.<\/p>\n<p>Sch\u00fclerinnen und Sch\u00fcler, Eltern oder Kollegen k\u00f6nnen sich im Bedarfsfall an den Pr\u00e4ventionslehrer oder eine andere Lehrkraft Ihres Vertrauens wenden, denn der Inhalt von Gespr\u00e4chen ist stets&nbsp;<strong>streng vertraulich!<\/strong><\/p>\t\t\t\t\t\t\t\t<\/div>\n\t\t\t\t<\/div>\n\t\t\t\t\t<\/div>\n\t\t<\/div>\n\t\t\t\t\t<\/div>\n\t\t<\/section>\n\t\t\t\t<\/div>\n\t\t","protected":false},"excerpt":{"rendered":"<p>Pr\u00e4ventionslehrer an unserer Schule&nbsp; \u201eUm schulische Vorbeugungsma\u00dfnahmen zu koordinieren und deren Wirksamkeit zu verbessern, wird an jeder allgemeinbildenden und beruflichen Schule eine &#8222;Lehrerin bzw. ein Lehrer f\u00fcr Informationen zur Suchtpr\u00e4vention&#8220; benannt. Dieser Lehrkraft sind folgende Aufgaben \u00fcbertragen: 1. Sammlung von Informationsmaterialien zur Suchtvorbeugung, wie z.B. B\u00fccher, Zeitschriften, audiovisuelle Medien, Erlasse, Anschriften von Beratungsstellen und Therapieeinrichtungen. [&hellip;]<\/p>\n","protected":false},"author":1,"featured_media":0,"parent":0,"menu_order":0,"comment_status":"closed","ping_status":"closed","template":"","meta":{"ocean_post_layout":"full-screen","ocean_both_sidebars_style":"","ocean_both_sidebars_content_width":0,"ocean_both_sidebars_sidebars_width":0,"ocean_sidebar":"0","ocean_second_sidebar":"0","ocean_disable_margins":"enable","ocean_add_body_class":"","ocean_shortcode_before_top_bar":"","ocean_shortcode_after_top_bar":"","ocean_shortcode_before_header":"","ocean_shortcode_after_header":"","ocean_has_shortcode":"","ocean_shortcode_after_title":"","ocean_shortcode_before_footer_widgets":"","ocean_shortcode_after_footer_widgets":"","ocean_shortcode_before_footer_bottom":"","ocean_shortcode_after_footer_bottom":"","ocean_display_top_bar":"off","ocean_display_header":"default","ocean_header_style":"","ocean_center_header_left_menu":"0","ocean_custom_header_template":"0","ocean_custom_logo":0,"ocean_custom_retina_logo":0,"ocean_custom_logo_max_width":0,"ocean_custom_logo_tablet_max_width":0,"ocean_custom_logo_mobile_max_width":0,"ocean_custom_logo_max_height":0,"ocean_custom_logo_tablet_max_height":0,"ocean_custom_logo_mobile_max_height":0,"ocean_header_custom_menu":"0","ocean_menu_typo_font_family":"0","ocean_menu_typo_font_subset":"","ocean_menu_typo_font_size":0,"ocean_menu_typo_font_size_tablet":0,"ocean_menu_typo_font_size_mobile":0,"ocean_menu_typo_font_size_unit":"px","ocean_menu_typo_font_weight":"","ocean_menu_typo_font_weight_tablet":"","ocean_menu_typo_font_weight_mobile":"","ocean_menu_typo_transform":"","ocean_menu_typo_transform_tablet":"","ocean_menu_typo_transform_mobile":"","ocean_menu_typo_line_height":0,"ocean_menu_typo_line_height_tablet":0,"ocean_menu_typo_line_height_mobile":0,"ocean_menu_typo_line_height_unit":"","ocean_menu_typo_spacing":0,"ocean_menu_typo_spacing_tablet":0,"ocean_menu_typo_spacing_mobile":0,"ocean_menu_typo_spacing_unit":"","ocean_menu_link_color":"","ocean_menu_link_color_hover":"","ocean_menu_link_color_active":"","ocean_menu_link_background":"","ocean_menu_link_hover_background":"","ocean_menu_link_active_background":"","ocean_menu_social_links_bg":"","ocean_menu_social_hover_links_bg":"","ocean_menu_social_links_color":"","ocean_menu_social_hover_links_color":"","ocean_disable_title":"on","ocean_disable_heading":"default","ocean_post_title":"","ocean_post_subheading":"","ocean_post_title_style":"","ocean_post_title_background_color":"","ocean_post_title_background":0,"ocean_post_title_bg_image_position":"","ocean_post_title_bg_image_attachment":"","ocean_post_title_bg_image_repeat":"","ocean_post_title_bg_image_size":"","ocean_post_title_height":0,"ocean_post_title_bg_overlay":0.5,"ocean_post_title_bg_overlay_color":"","ocean_disable_breadcrumbs":"default","ocean_breadcrumbs_color":"","ocean_breadcrumbs_separator_color":"","ocean_breadcrumbs_links_color":"","ocean_breadcrumbs_links_hover_color":"","ocean_display_footer_widgets":"off","ocean_display_footer_bottom":"off","ocean_custom_footer_template":"0","footnotes":""},"_links":{"self":[{"href":"https:\/\/www.rs-balingen.de\/home\/wp-json\/wp\/v2\/pages\/1873"}],"collection":[{"href":"https:\/\/www.rs-balingen.de\/home\/wp-json\/wp\/v2\/pages"}],"about":[{"href":"https:\/\/www.rs-balingen.de\/home\/wp-json\/wp\/v2\/types\/page"}],"author":[{"embeddable":true,"href":"https:\/\/www.rs-balingen.de\/home\/wp-json\/wp\/v2\/users\/1"}],"replies":[{"embeddable":true,"href":"https:\/\/www.rs-balingen.de\/home\/wp-json\/wp\/v2\/comments?post=1873"}],"version-history":[{"count":3,"href":"https:\/\/www.rs-balingen.de\/home\/wp-json\/wp\/v2\/pages\/1873\/revisions"}],"predecessor-version":[{"id":6663,"href":"https:\/\/www.rs-balingen.de\/home\/wp-json\/wp\/v2\/pages\/1873\/revisions\/6663"}],"wp:attachment":[{"href":"https:\/\/www.rs-balingen.de\/home\/wp-json\/wp\/v2\/media?parent=1873"}],"curies":[{"name":"wp","href":"https:\/\/api.w.org\/{rel}","templated":true}]}}