{"id":1851,"date":"2020-11-03T17:29:24","date_gmt":"2020-11-03T16:29:24","guid":{"rendered":"http:\/\/tosbkzel.web.belwue.de\/?page_id=1851"},"modified":"2024-10-17T12:47:54","modified_gmt":"2024-10-17T10:47:54","slug":"schulsozialarbeit","status":"publish","type":"page","link":"https:\/\/www.rs-balingen.de\/home\/schulsozialarbeit\/","title":{"rendered":"Schulsozialarbeit"},"content":{"rendered":"\t\t<div data-elementor-type=\"wp-page\" data-elementor-id=\"1851\" class=\"elementor elementor-1851\" data-elementor-post-type=\"page\">\n\t\t\t\t\t\t<section class=\"elementor-section elementor-top-section elementor-element elementor-element-7e00aa0 elementor-section-boxed elementor-section-height-default elementor-section-height-default\" data-id=\"7e00aa0\" data-element_type=\"section\">\n\t\t\t\t\t\t<div class=\"elementor-container elementor-column-gap-default\">\n\t\t\t\t\t<div class=\"elementor-column elementor-col-100 elementor-top-column elementor-element elementor-element-d528e41\" data-id=\"d528e41\" data-element_type=\"column\">\n\t\t\t<div class=\"elementor-widget-wrap elementor-element-populated\">\n\t\t\t\t\t\t<div class=\"elementor-element elementor-element-12caea5 elementor-widget elementor-widget-image\" data-id=\"12caea5\" data-element_type=\"widget\" data-widget_type=\"image.default\">\n\t\t\t\t<div class=\"elementor-widget-container\">\n\t\t\t\t\t\t\t\t\t\t\t\t<figure class=\"wp-caption\">\n\t\t\t\t\t\t\t\t\t\t<img fetchpriority=\"high\" decoding=\"async\" width=\"768\" height=\"630\" src=\"https:\/\/www.rs-balingen.de\/wp-content\/uploads\/2024\/10\/Schulsozialarbeit-768x630.jpg\" class=\"attachment-medium_large size-medium_large wp-image-6712\" alt=\"\" srcset=\"https:\/\/www.rs-balingen.de\/wp-content\/uploads\/2024\/10\/Schulsozialarbeit-768x630.jpg 768w, https:\/\/www.rs-balingen.de\/wp-content\/uploads\/2024\/10\/Schulsozialarbeit-300x246.jpg 300w, https:\/\/www.rs-balingen.de\/wp-content\/uploads\/2024\/10\/Schulsozialarbeit-1024x840.jpg 1024w, https:\/\/www.rs-balingen.de\/wp-content\/uploads\/2024\/10\/Schulsozialarbeit-1536x1260.jpg 1536w, https:\/\/www.rs-balingen.de\/wp-content\/uploads\/2024\/10\/Schulsozialarbeit-2048x1679.jpg 2048w\" sizes=\"(max-width: 768px) 100vw, 768px\" \/>\t\t\t\t\t\t\t\t\t\t\t<figcaption class=\"widget-image-caption wp-caption-text\">Foto von Katrin Dehner (linke Seite) und Carina Klausmann-Luppold (rechte Seite) - Team der Schulsozialarbeit<\/figcaption>\n\t\t\t\t\t\t\t\t\t\t<\/figure>\n\t\t\t\t\t\t\t\t\t<\/div>\n\t\t\t\t<\/div>\n\t\t\t\t<div class=\"elementor-element elementor-element-edfc6fc elementor-hidden-phone elementor-widget elementor-widget-spacer\" data-id=\"edfc6fc\" data-element_type=\"widget\" data-widget_type=\"spacer.default\">\n\t\t\t\t<div class=\"elementor-widget-container\">\n\t\t\t\t\t\t\t<div class=\"elementor-spacer\">\n\t\t\t<div class=\"elementor-spacer-inner\"><\/div>\n\t\t<\/div>\n\t\t\t\t\t\t<\/div>\n\t\t\t\t<\/div>\n\t\t\t\t<div class=\"elementor-element elementor-element-bcf94a2 elementor-widget elementor-widget-text-editor\" data-id=\"bcf94a2\" data-element_type=\"widget\" data-widget_type=\"text-editor.default\">\n\t\t\t\t<div class=\"elementor-widget-container\">\n\t\t\t\t\t\t\t\t\t<p><strong>Schulsozialarbeit an der Realschule Balingen<\/strong><\/p>\n<p><span style=\"font-size: 15px; color: var( --e-global-color-text );\">Unser Schulsozialarbeiterinnenteam besteht aus Frau Katrin Dehner und Frau Carina Klausmann-Luppold.<\/span><\/p>\n<p>Schulsozialarbeit ist ein freiwilliges, sozialp\u00e4dagogisches Angebot an Sch\u00fclerinnen und Sch\u00fcler, ihre Familien und Lehrerinnen und Lehrer. Wir beraten auf Augenh\u00f6he und haben Schweigepflicht.<\/p>\n<p><strong>&nbsp;<\/strong><\/p>\n<p><strong>Angebote f\u00fcr Sch\u00fclerinnen und Sch\u00fcler<\/strong><\/p>\n<p>Ihr k\u00f6nnt gerne kommen, wenn Ihr\u2026<\/p>\n<ul>\n<li>Fragen habt.<\/li>\n<li>bei Schwierigkeiten in der Schule, mit Freundinnen \/ Freunden oder auch daheim Unterst\u00fctzung braucht. &nbsp;<\/li>\n<li>\u00fcber eine Sache oder ein Problem vertraulich sprechen wollt.<\/li>\n<li>bei der Regelung eines Streits Unterst\u00fctzung ben\u00f6tigt.<\/li>\n<li>bei der Kontaktaufnahme z.B. zu einer Beratungsstelle Unterst\u00fctzung haben wollt.<\/li>\n<li>Beratung zur beruflichen Orientierung braucht.<\/li>\n<\/ul>\n<p><strong>Angebote f\u00fcr Eltern<\/strong><\/p>\n<ul>\n<li>Informationen und Beratung bei Erziehungsfragen<\/li>\n<li>Unterst\u00fctzung bei Problemen in der Schule<\/li>\n<li>Vermittlung zu weiterf\u00fchrenden Beratungsstellen\/Hilfsangeboten<\/li>\n<li>Veranstaltungen zu aktuellen Erziehungsthemen<\/li>\n<\/ul>\n<p><strong>Angebote f\u00fcr Lehrerinnen und Lehrer<\/strong><\/p>\n<ul>\n<li>Entlastung und Beratung in Konfliktsituationen<\/li>\n<li>Unterst\u00fctzung bei Kontakten zu Beratungsstellen\/Hilfsangeboten<\/li>\n<li>Kooperation bei themenspezifischen Klassenprojekten und Elternabenden<\/li>\n<li>Fachliche Unterst\u00fctzung<\/li>\n<\/ul>\n<p><strong>Weitere Angebote<\/strong><\/p>\n<ul>\n<li>Projekte zum Ausbau der sozialen Kompetenzen: z. B. Klassenrat (Klasse 5 und 6), kooperative Spiele, erlebnisp\u00e4dagogische Aktionen<\/li>\n<li>Geschlechtsspezifische Angebote z.B. in Kooperation mit AK M\u00e4dchen und Feuervogel<\/li>\n<li>Ausbildung\/Unterst\u00fctzung zum Sch\u00fclermentor (z. B. Klassenpate oder Pausenspielmentor)<\/li>\n<li>\u201eAktive Pause\u201c Mo \u2013 Mi 13 \u2013 13.45 Uhr, offenes Angebot f\u00fcr Sch\u00fclerinnen und Sch\u00fcler in der Mittagspause zum gemeinsamen Spielen, Quatschen und Chillen.<\/li>\n<\/ul>\n<p><strong>&nbsp;<\/strong><strong>Kontakt:<\/strong><\/p>\n<ul>\n<li>B\u00fcro der Schulsozialarbeit: &nbsp;&nbsp;<a href=\"tel:07433\/2703330\">07433\/2703330<\/a><\/li>\n<li>Katrin Dehner (Mo \u2013 Fr): &nbsp; <a href=\"http:\/\/0173\/3918780\" data-wplink-url-error=\"true\">0173\/3918780<\/a>&nbsp; &nbsp;&#8212;&nbsp; <a href=\"mailto:dehner@rs-balingen.de\">dehner@rs-balingen.de<\/a>&nbsp; &nbsp; &nbsp; &nbsp; &nbsp; &nbsp; &nbsp; &nbsp;&nbsp;&nbsp; &nbsp; &nbsp; &nbsp; &nbsp; &nbsp; &nbsp; &nbsp; &nbsp; &nbsp; &nbsp; &nbsp; &nbsp; <br><\/li>\n<li>&#8230;oder \u00fcber das Schulsekretariat (<a href=\"tel:07433\/2703323\">07433\/2703323<\/a>). Wir rufen gerne zur\u00fcck!<\/li>\n<\/ul>\t\t\t\t\t\t\t\t<\/div>\n\t\t\t\t<\/div>\n\t\t\t\t\t<\/div>\n\t\t<\/div>\n\t\t\t\t\t<\/div>\n\t\t<\/section>\n\t\t\t\t<section class=\"elementor-section elementor-top-section elementor-element elementor-element-7fe1d4c elementor-section-boxed elementor-section-height-default elementor-section-height-default\" data-id=\"7fe1d4c\" data-element_type=\"section\">\n\t\t\t\t\t\t<div class=\"elementor-container elementor-column-gap-default\">\n\t\t\t\t\t<div class=\"elementor-column elementor-col-100 elementor-top-column elementor-element elementor-element-862bfbe\" data-id=\"862bfbe\" data-element_type=\"column\">\n\t\t\t<div class=\"elementor-widget-wrap\">\n\t\t\t\t\t\t\t<\/div>\n\t\t<\/div>\n\t\t\t\t\t<\/div>\n\t\t<\/section>\n\t\t\t\t<\/div>\n\t\t","protected":false},"excerpt":{"rendered":"<p>Foto von Katrin Dehner (linke Seite) und Carina Klausmann-Luppold (rechte Seite) &#8211; Team der Schulsozialarbeit Schulsozialarbeit an der Realschule Balingen Unser Schulsozialarbeiterinnenteam besteht aus Frau Katrin Dehner und Frau Carina Klausmann-Luppold. Schulsozialarbeit ist ein freiwilliges, sozialp\u00e4dagogisches Angebot an Sch\u00fclerinnen und Sch\u00fcler, ihre Familien und Lehrerinnen und Lehrer. Wir beraten auf Augenh\u00f6he und haben Schweigepflicht. &nbsp; [&hellip;]<\/p>\n","protected":false},"author":1,"featured_media":0,"parent":0,"menu_order":0,"comment_status":"closed","ping_status":"closed","template":"","meta":{"ocean_post_layout":"full-screen","ocean_both_sidebars_style":"","ocean_both_sidebars_content_width":0,"ocean_both_sidebars_sidebars_width":0,"ocean_sidebar":"0","ocean_second_sidebar":"0","ocean_disable_margins":"enable","ocean_add_body_class":"","ocean_shortcode_before_top_bar":"","ocean_shortcode_after_top_bar":"","ocean_shortcode_before_header":"","ocean_shortcode_after_header":"","ocean_has_shortcode":"","ocean_shortcode_after_title":"","ocean_shortcode_before_footer_widgets":"","ocean_shortcode_after_footer_widgets":"","ocean_shortcode_before_footer_bottom":"","ocean_shortcode_after_footer_bottom":"","ocean_display_top_bar":"off","ocean_display_header":"default","ocean_header_style":"","ocean_center_header_left_menu":"0","ocean_custom_header_template":"0","ocean_custom_logo":0,"ocean_custom_retina_logo":0,"ocean_custom_logo_max_width":0,"ocean_custom_logo_tablet_max_width":0,"ocean_custom_logo_mobile_max_width":0,"ocean_custom_logo_max_height":0,"ocean_custom_logo_tablet_max_height":0,"ocean_custom_logo_mobile_max_height":0,"ocean_header_custom_menu":"0","ocean_menu_typo_font_family":"0","ocean_menu_typo_font_subset":"","ocean_menu_typo_font_size":0,"ocean_menu_typo_font_size_tablet":0,"ocean_menu_typo_font_size_mobile":0,"ocean_menu_typo_font_size_unit":"px","ocean_menu_typo_font_weight":"","ocean_menu_typo_font_weight_tablet":"","ocean_menu_typo_font_weight_mobile":"","ocean_menu_typo_transform":"","ocean_menu_typo_transform_tablet":"","ocean_menu_typo_transform_mobile":"","ocean_menu_typo_line_height":0,"ocean_menu_typo_line_height_tablet":0,"ocean_menu_typo_line_height_mobile":0,"ocean_menu_typo_line_height_unit":"","ocean_menu_typo_spacing":0,"ocean_menu_typo_spacing_tablet":0,"ocean_menu_typo_spacing_mobile":0,"ocean_menu_typo_spacing_unit":"","ocean_menu_link_color":"","ocean_menu_link_color_hover":"","ocean_menu_link_color_active":"","ocean_menu_link_background":"","ocean_menu_link_hover_background":"","ocean_menu_link_active_background":"","ocean_menu_social_links_bg":"","ocean_menu_social_hover_links_bg":"","ocean_menu_social_links_color":"","ocean_menu_social_hover_links_color":"","ocean_disable_title":"on","ocean_disable_heading":"default","ocean_post_title":"","ocean_post_subheading":"","ocean_post_title_style":"","ocean_post_title_background_color":"","ocean_post_title_background":0,"ocean_post_title_bg_image_position":"","ocean_post_title_bg_image_attachment":"","ocean_post_title_bg_image_repeat":"","ocean_post_title_bg_image_size":"","ocean_post_title_height":0,"ocean_post_title_bg_overlay":0.5,"ocean_post_title_bg_overlay_color":"","ocean_disable_breadcrumbs":"default","ocean_breadcrumbs_color":"","ocean_breadcrumbs_separator_color":"","ocean_breadcrumbs_links_color":"","ocean_breadcrumbs_links_hover_color":"","ocean_display_footer_widgets":"off","ocean_display_footer_bottom":"off","ocean_custom_footer_template":"0","footnotes":""},"_links":{"self":[{"href":"https:\/\/www.rs-balingen.de\/home\/wp-json\/wp\/v2\/pages\/1851"}],"collection":[{"href":"https:\/\/www.rs-balingen.de\/home\/wp-json\/wp\/v2\/pages"}],"about":[{"href":"https:\/\/www.rs-balingen.de\/home\/wp-json\/wp\/v2\/types\/page"}],"author":[{"embeddable":true,"href":"https:\/\/www.rs-balingen.de\/home\/wp-json\/wp\/v2\/users\/1"}],"replies":[{"embeddable":true,"href":"https:\/\/www.rs-balingen.de\/home\/wp-json\/wp\/v2\/comments?post=1851"}],"version-history":[{"count":15,"href":"https:\/\/www.rs-balingen.de\/home\/wp-json\/wp\/v2\/pages\/1851\/revisions"}],"predecessor-version":[{"id":6731,"href":"https:\/\/www.rs-balingen.de\/home\/wp-json\/wp\/v2\/pages\/1851\/revisions\/6731"}],"wp:attachment":[{"href":"https:\/\/www.rs-balingen.de\/home\/wp-json\/wp\/v2\/media?parent=1851"}],"curies":[{"name":"wp","href":"https:\/\/api.w.org\/{rel}","templated":true}]}}