{"id":1822,"date":"2020-11-03T16:35:27","date_gmt":"2020-11-03T15:35:27","guid":{"rendered":"http:\/\/tosbkzel.web.belwue.de\/?page_id=1822"},"modified":"2024-10-21T08:51:41","modified_gmt":"2024-10-21T06:51:41","slug":"leitung-des-foerdervereins","status":"publish","type":"page","link":"https:\/\/www.rs-balingen.de\/home\/leitung-des-foerdervereins\/","title":{"rendered":"Leitung des F\u00f6rdervereins"},"content":{"rendered":"\t\t<div data-elementor-type=\"wp-page\" data-elementor-id=\"1822\" class=\"elementor elementor-1822\" data-elementor-post-type=\"page\">\n\t\t\t\t\t\t<section class=\"elementor-section elementor-top-section elementor-element elementor-element-7771bd3 elementor-section-boxed elementor-section-height-default elementor-section-height-default\" data-id=\"7771bd3\" data-element_type=\"section\">\n\t\t\t\t\t\t<div class=\"elementor-container elementor-column-gap-default\">\n\t\t\t\t\t<div class=\"elementor-column elementor-col-100 elementor-top-column elementor-element elementor-element-8b76ab8\" data-id=\"8b76ab8\" data-element_type=\"column\">\n\t\t\t<div class=\"elementor-widget-wrap elementor-element-populated\">\n\t\t\t\t\t\t<div class=\"elementor-element elementor-element-f86ca95 elementor-hidden-phone elementor-widget elementor-widget-spacer\" data-id=\"f86ca95\" data-element_type=\"widget\" data-widget_type=\"spacer.default\">\n\t\t\t\t<div class=\"elementor-widget-container\">\n\t\t\t\t\t\t\t<div class=\"elementor-spacer\">\n\t\t\t<div class=\"elementor-spacer-inner\"><\/div>\n\t\t<\/div>\n\t\t\t\t\t\t<\/div>\n\t\t\t\t<\/div>\n\t\t\t\t\t<\/div>\n\t\t<\/div>\n\t\t\t\t\t<\/div>\n\t\t<\/section>\n\t\t\t\t<section class=\"elementor-section elementor-top-section elementor-element elementor-element-11eeac0 elementor-section-boxed elementor-section-height-default elementor-section-height-default\" data-id=\"11eeac0\" data-element_type=\"section\">\n\t\t\t\t\t\t<div class=\"elementor-container elementor-column-gap-default\">\n\t\t\t\t\t<div class=\"elementor-column elementor-col-100 elementor-top-column elementor-element elementor-element-18916a76\" data-id=\"18916a76\" data-element_type=\"column\">\n\t\t\t<div class=\"elementor-widget-wrap elementor-element-populated\">\n\t\t\t\t\t\t<div class=\"elementor-element elementor-element-fbde842 elementor-widget elementor-widget-image\" data-id=\"fbde842\" data-element_type=\"widget\" data-widget_type=\"image.default\">\n\t\t\t\t<div class=\"elementor-widget-container\">\n\t\t\t\t\t\t\t\t\t\t\t\t<figure class=\"wp-caption\">\n\t\t\t\t\t\t\t\t\t\t\t<a href=\"https:\/\/www.rs-balingen.de\/wp-content\/uploads\/2022\/03\/Foerderverein.png\" data-elementor-open-lightbox=\"yes\" data-elementor-lightbox-title=\"F\u00f6rderverein\" data-e-action-hash=\"#elementor-action%3Aaction%3Dlightbox%26settings%3DeyJpZCI6NDc0MCwidXJsIjoiaHR0cHM6XC9cL3d3dy5ycy1iYWxpbmdlbi5kZVwvd3AtY29udGVudFwvdXBsb2Fkc1wvMjAyMlwvMDNcL0ZvZXJkZXJ2ZXJlaW4ucG5nIn0%3D\">\n\t\t\t\t\t\t\t<img fetchpriority=\"high\" decoding=\"async\" width=\"434\" height=\"511\" src=\"https:\/\/www.rs-balingen.de\/wp-content\/uploads\/2022\/03\/Foerderverein.png\" class=\"attachment-large size-large wp-image-4740\" alt=\"\" srcset=\"https:\/\/www.rs-balingen.de\/wp-content\/uploads\/2022\/03\/Foerderverein.png 434w, https:\/\/www.rs-balingen.de\/wp-content\/uploads\/2022\/03\/Foerderverein-255x300.png 255w\" sizes=\"(max-width: 434px) 100vw, 434px\" \/>\t\t\t\t\t\t\t\t<\/a>\n\t\t\t\t\t\t\t\t\t\t\t<figcaption class=\"widget-image-caption wp-caption-text\">Foto Logo F\u00f6rderverein<\/figcaption>\n\t\t\t\t\t\t\t\t\t\t<\/figure>\n\t\t\t\t\t\t\t\t\t<\/div>\n\t\t\t\t<\/div>\n\t\t\t\t<div class=\"elementor-element elementor-element-1d297a99 elementor-widget elementor-widget-text-editor\" data-id=\"1d297a99\" data-element_type=\"widget\" data-widget_type=\"text-editor.default\">\n\t\t\t\t<div class=\"elementor-widget-container\">\n\t\t\t\t\t\t\t\t\t<table><tbody><tr><td><p><strong>\u00a0<\/strong><\/p><\/td><td>\u00a0<\/td><\/tr><tr><td><p><strong>Vorsitzender:<\/strong><\/p><\/td><td><p>Wolfgang Strobel<\/p><\/td><\/tr><tr><td><p><strong>Kassiererin:<\/strong><\/p><\/td><td><p>Andrea Henle<\/p><\/td><\/tr><tr><td><p><strong>Kassenpr\u00fcferin:<\/strong><\/p><\/td><td>Mona Willkommen<\/td><\/tr><tr><td>\u00a0<\/td><td>\u00a0<\/td><\/tr><tr><td><p><strong>Beisitzer:<\/strong><\/p><\/td><td><p>Michael Damm<\/p><\/td><\/tr><tr><td><p><strong>Beisitzerin:<\/strong><\/p><\/td><td><p>Anika Oster<\/p><\/td><\/tr><\/tbody><\/table><p><strong>Daf\u00fcr stehen wir:<\/strong><\/p><ul><li><p>Wir unterst\u00fctzen die Schule bzw. die schulischen Veranstaltungen und Projekte ideell und finanziell.<\/p><\/li><\/ul><ul><li><p>Wir f\u00f6rdern die Verbundenheit zwischen Schule, Sch\u00fclern und Lehrern.<\/p><\/li><li><p>Wir unterst\u00fctzen Ma\u00dfnahmen zur Verbesserung der Lern-, Aufenthalts- und Spielm\u00f6glichkeiten f\u00fcr Sch\u00fclerinnen und Sch\u00fcler in Pausen, im Schulgeb\u00e4ude und auf dem Schulgel\u00e4nde.<\/p><\/li><\/ul><p><strong>Kontoverbindung:<\/strong><\/p><h5><strong>IBAN 75 653 512 600 134 016 616\u00a0<\/strong><\/h5><h5><strong>bei der Sparkasse Zollernalb BIC SOLADES1BAL <\/strong><\/h5><p><strong>\u00a0<\/strong><\/p>\t\t\t\t\t\t\t\t<\/div>\n\t\t\t\t<\/div>\n\t\t\t\t\t<\/div>\n\t\t<\/div>\n\t\t\t\t\t<\/div>\n\t\t<\/section>\n\t\t\t\t<\/div>\n\t\t","protected":false},"excerpt":{"rendered":"<p>Foto Logo F\u00f6rderverein \u00a0 \u00a0 Vorsitzender: Wolfgang Strobel Kassiererin: Andrea Henle Kassenpr\u00fcferin: Mona Willkommen \u00a0 \u00a0 Beisitzer: Michael Damm Beisitzerin: Anika Oster Daf\u00fcr stehen wir: Wir unterst\u00fctzen die Schule bzw. die schulischen Veranstaltungen und Projekte ideell und finanziell. Wir f\u00f6rdern die Verbundenheit zwischen Schule, Sch\u00fclern und Lehrern. Wir unterst\u00fctzen Ma\u00dfnahmen zur Verbesserung der Lern-, Aufenthalts- [&hellip;]<\/p>\n","protected":false},"author":1,"featured_media":0,"parent":0,"menu_order":0,"comment_status":"closed","ping_status":"closed","template":"","meta":{"ocean_post_layout":"full-screen","ocean_both_sidebars_style":"","ocean_both_sidebars_content_width":0,"ocean_both_sidebars_sidebars_width":0,"ocean_sidebar":"0","ocean_second_sidebar":"0","ocean_disable_margins":"enable","ocean_add_body_class":"","ocean_shortcode_before_top_bar":"","ocean_shortcode_after_top_bar":"","ocean_shortcode_before_header":"","ocean_shortcode_after_header":"","ocean_has_shortcode":"","ocean_shortcode_after_title":"","ocean_shortcode_before_footer_widgets":"","ocean_shortcode_after_footer_widgets":"","ocean_shortcode_before_footer_bottom":"","ocean_shortcode_after_footer_bottom":"","ocean_display_top_bar":"off","ocean_display_header":"on","ocean_header_style":"","ocean_center_header_left_menu":"0","ocean_custom_header_template":"0","ocean_custom_logo":0,"ocean_custom_retina_logo":0,"ocean_custom_logo_max_width":0,"ocean_custom_logo_tablet_max_width":0,"ocean_custom_logo_mobile_max_width":0,"ocean_custom_logo_max_height":0,"ocean_custom_logo_tablet_max_height":0,"ocean_custom_logo_mobile_max_height":0,"ocean_header_custom_menu":"0","ocean_menu_typo_font_family":"0","ocean_menu_typo_font_subset":"","ocean_menu_typo_font_size":0,"ocean_menu_typo_font_size_tablet":0,"ocean_menu_typo_font_size_mobile":0,"ocean_menu_typo_font_size_unit":"px","ocean_menu_typo_font_weight":"","ocean_menu_typo_font_weight_tablet":"","ocean_menu_typo_font_weight_mobile":"","ocean_menu_typo_transform":"","ocean_menu_typo_transform_tablet":"","ocean_menu_typo_transform_mobile":"","ocean_menu_typo_line_height":0,"ocean_menu_typo_line_height_tablet":0,"ocean_menu_typo_line_height_mobile":0,"ocean_menu_typo_line_height_unit":"","ocean_menu_typo_spacing":0,"ocean_menu_typo_spacing_tablet":0,"ocean_menu_typo_spacing_mobile":0,"ocean_menu_typo_spacing_unit":"","ocean_menu_link_color":"","ocean_menu_link_color_hover":"","ocean_menu_link_color_active":"","ocean_menu_link_background":"","ocean_menu_link_hover_background":"","ocean_menu_link_active_background":"","ocean_menu_social_links_bg":"","ocean_menu_social_hover_links_bg":"","ocean_menu_social_links_color":"","ocean_menu_social_hover_links_color":"","ocean_disable_title":"on","ocean_disable_heading":"on","ocean_post_title":"","ocean_post_subheading":"","ocean_post_title_style":"","ocean_post_title_background_color":"","ocean_post_title_background":0,"ocean_post_title_bg_image_position":"","ocean_post_title_bg_image_attachment":"","ocean_post_title_bg_image_repeat":"","ocean_post_title_bg_image_size":"","ocean_post_title_height":0,"ocean_post_title_bg_overlay":0.5,"ocean_post_title_bg_overlay_color":"","ocean_disable_breadcrumbs":"default","ocean_breadcrumbs_color":"","ocean_breadcrumbs_separator_color":"","ocean_breadcrumbs_links_color":"","ocean_breadcrumbs_links_hover_color":"","ocean_display_footer_widgets":"off","ocean_display_footer_bottom":"off","ocean_custom_footer_template":"0","footnotes":""},"_links":{"self":[{"href":"https:\/\/www.rs-balingen.de\/home\/wp-json\/wp\/v2\/pages\/1822"}],"collection":[{"href":"https:\/\/www.rs-balingen.de\/home\/wp-json\/wp\/v2\/pages"}],"about":[{"href":"https:\/\/www.rs-balingen.de\/home\/wp-json\/wp\/v2\/types\/page"}],"author":[{"embeddable":true,"href":"https:\/\/www.rs-balingen.de\/home\/wp-json\/wp\/v2\/users\/1"}],"replies":[{"embeddable":true,"href":"https:\/\/www.rs-balingen.de\/home\/wp-json\/wp\/v2\/comments?post=1822"}],"version-history":[{"count":3,"href":"https:\/\/www.rs-balingen.de\/home\/wp-json\/wp\/v2\/pages\/1822\/revisions"}],"predecessor-version":[{"id":6734,"href":"https:\/\/www.rs-balingen.de\/home\/wp-json\/wp\/v2\/pages\/1822\/revisions\/6734"}],"wp:attachment":[{"href":"https:\/\/www.rs-balingen.de\/home\/wp-json\/wp\/v2\/media?parent=1822"}],"curies":[{"name":"wp","href":"https:\/\/api.w.org\/{rel}","templated":true}]}}